{"id":513,"date":"2015-06-23T00:12:38","date_gmt":"2015-06-23T00:12:38","guid":{"rendered":"http:\/\/duplagourmet.com.br\/?page_id=513"},"modified":"2018-06-14T17:30:38","modified_gmt":"2018-06-14T17:30:38","slug":"anuncie","status":"publish","type":"page","link":"http:\/\/duplagourmet.com.br\/index.php\/anuncie\/","title":{"rendered":"Anuncie"},"content":{"rendered":"<div class=\"0d3c8bb807db4512cec61ce0ce609918\" data-index=\"1\" style=\"float: right; margin:10px 0 10px 10px;\">\n<script async src=\"\/\/pagead2.googlesyndication.com\/pagead\/js\/adsbygoogle.js\"><\/script>\r\n<!-- Dupla -->\r\n<ins class=\"adsbygoogle\"\r\n     style=\"display:inline-block;width:336px;height:280px\"\r\n     data-ad-client=\"ca-pub-5223135331964240\"\r\n     data-ad-slot=\"1820166419\"><\/ins>\r\n<script>\r\n(adsbygoogle = window.adsbygoogle || []).push({});\r\n<\/script>\n<\/div>\n<p>Entre em contato conosco e conhe\u00e7a um pouquinho mais dos benef\u00edcios que a Dupla pode trazer para o seu neg\u00f3cio.<\/p>\n<p>Contato Comercial: gourmet@duplagourmet.com.br<\/p>\n\n<div style=\"font-size: 0px; height: 0px; line-height: 0px; margin: 0; padding: 0; clear: both;\"><\/div>","protected":false},"excerpt":{"rendered":"<p>Entre em contato conosco e conhe\u00e7a um pouquinho mais dos benef\u00edcios que a Dupla pode trazer para o seu neg\u00f3cio. Contato Comercial: gourmet@duplagourmet.com.br<\/p>\n","protected":false},"author":1,"featured_media":0,"parent":0,"menu_order":0,"comment_status":"open","ping_status":"open","template":"","meta":{"jetpack_post_was_ever_published":false},"yoast_head":"<!-- This site is optimized with the Yoast SEO plugin v20.2.1 - https:\/\/yoast.com\/wordpress\/plugins\/seo\/ -->\n<title>Anuncie DuplaGourmet<\/title>\n<meta name=\"description\" content=\"Blog de gastronomia, receitas e viagens. Entre em contato conosco e conhe\u00e7a os benef\u00edcios que sua empresa pode ter! Contato: gourmet@duplagourmet.com.b\" \/>\n<meta name=\"robots\" content=\"index, follow, max-snippet:-1, max-image-preview:large, max-video-preview:-1\" \/>\n<link rel=\"canonical\" href=\"http:\/\/duplagourmet.com.br\/index.php\/anuncie\/\" \/>\n<meta property=\"og:locale\" content=\"pt_BR\" \/>\n<meta property=\"og:type\" content=\"article\" \/>\n<meta property=\"og:title\" content=\"Anuncie DuplaGourmet\" \/>\n<meta property=\"og:description\" content=\"Blog de gastronomia, receitas e viagens. Entre em contato conosco e conhe\u00e7a os benef\u00edcios que sua empresa pode ter! Contato: gourmet@duplagourmet.com.b\" \/>\n<meta property=\"og:url\" content=\"http:\/\/duplagourmet.com.br\/index.php\/anuncie\/\" \/>\n<meta property=\"article:publisher\" content=\"https:\/\/www.facebook.com\/duplagourmet\" \/>\n<meta property=\"article:modified_time\" content=\"2018-06-14T17:30:38+00:00\" \/>\n<meta property=\"og:image\" content=\"https:\/\/i0.wp.com\/duplagourmet.com.br\/wp-content\/uploads\/2015\/04\/11426688_10200584306446087_330859892_n.jpg?fit=960%2C960\" \/>\n\t<meta property=\"og:image:width\" content=\"960\" \/>\n\t<meta property=\"og:image:height\" content=\"960\" \/>\n\t<meta property=\"og:image:type\" content=\"image\/jpeg\" \/>\n<meta name=\"twitter:card\" content=\"summary_large_image\" \/>\n<meta name=\"twitter:site\" content=\"@DuplaGourmet\" \/>\n<script type=\"application\/ld+json\" class=\"yoast-schema-graph\">{\"@context\":\"https:\/\/schema.org\",\"@graph\":[{\"@type\":\"WebPage\",\"@id\":\"http:\/\/duplagourmet.com.br\/index.php\/anuncie\/\",\"url\":\"http:\/\/duplagourmet.com.br\/index.php\/anuncie\/\",\"name\":\"Anuncie DuplaGourmet\",\"isPartOf\":{\"@id\":\"https:\/\/duplagourmet.com.br\/#website\"},\"datePublished\":\"2015-06-23T00:12:38+00:00\",\"dateModified\":\"2018-06-14T17:30:38+00:00\",\"description\":\"Blog de gastronomia, receitas e viagens. Entre em contato conosco e conhe\u00e7a os benef\u00edcios que sua empresa pode ter! Contato: gourmet@duplagourmet.com.b\",\"breadcrumb\":{\"@id\":\"http:\/\/duplagourmet.com.br\/index.php\/anuncie\/#breadcrumb\"},\"inLanguage\":\"pt-BR\",\"potentialAction\":[{\"@type\":\"ReadAction\",\"target\":[\"http:\/\/duplagourmet.com.br\/index.php\/anuncie\/\"]}]},{\"@type\":\"BreadcrumbList\",\"@id\":\"http:\/\/duplagourmet.com.br\/index.php\/anuncie\/#breadcrumb\",\"itemListElement\":[{\"@type\":\"ListItem\",\"position\":1,\"name\":\"In\u00edcio\",\"item\":\"https:\/\/duplagourmet.com.br\/\"},{\"@type\":\"ListItem\",\"position\":2,\"name\":\"Anuncie\"}]},{\"@type\":\"WebSite\",\"@id\":\"https:\/\/duplagourmet.com.br\/#website\",\"url\":\"https:\/\/duplagourmet.com.br\/\",\"name\":\"\",\"description\":\"Site de Gastronomia e Viagens\",\"publisher\":{\"@id\":\"https:\/\/duplagourmet.com.br\/#organization\"},\"potentialAction\":[{\"@type\":\"SearchAction\",\"target\":{\"@type\":\"EntryPoint\",\"urlTemplate\":\"https:\/\/duplagourmet.com.br\/?s={search_term_string}\"},\"query-input\":\"required name=search_term_string\"}],\"inLanguage\":\"pt-BR\"},{\"@type\":\"Organization\",\"@id\":\"https:\/\/duplagourmet.com.br\/#organization\",\"name\":\"Dupla Gourmet\",\"url\":\"https:\/\/duplagourmet.com.br\/\",\"logo\":{\"@type\":\"ImageObject\",\"inLanguage\":\"pt-BR\",\"@id\":\"https:\/\/duplagourmet.com.br\/#\/schema\/logo\/image\/\",\"url\":\"https:\/\/i0.wp.com\/duplagourmet.com.br\/wp-content\/uploads\/2015\/07\/LOGO.jpg?fit=2120%2C1193&ssl=1\",\"contentUrl\":\"https:\/\/i0.wp.com\/duplagourmet.com.br\/wp-content\/uploads\/2015\/07\/LOGO.jpg?fit=2120%2C1193&ssl=1\",\"width\":2120,\"height\":1193,\"caption\":\"Dupla Gourmet\"},\"image\":{\"@id\":\"https:\/\/duplagourmet.com.br\/#\/schema\/logo\/image\/\"},\"sameAs\":[\"https:\/\/www.facebook.com\/duplagourmet\",\"https:\/\/twitter.com\/DuplaGourmet\",\"https:\/\/instagram.com\/duplagourmet\/\"]}]}<\/script>\n<!-- \/ Yoast SEO plugin. -->","yoast_head_json":{"title":"Anuncie DuplaGourmet","description":"Blog de gastronomia, receitas e viagens. Entre em contato conosco e conhe\u00e7a os benef\u00edcios que sua empresa pode ter! Contato: gourmet@duplagourmet.com.b","robots":{"index":"index","follow":"follow","max-snippet":"max-snippet:-1","max-image-preview":"max-image-preview:large","max-video-preview":"max-video-preview:-1"},"canonical":"http:\/\/duplagourmet.com.br\/index.php\/anuncie\/","og_locale":"pt_BR","og_type":"article","og_title":"Anuncie DuplaGourmet","og_description":"Blog de gastronomia, receitas e viagens. Entre em contato conosco e conhe\u00e7a os benef\u00edcios que sua empresa pode ter! Contato: gourmet@duplagourmet.com.b","og_url":"http:\/\/duplagourmet.com.br\/index.php\/anuncie\/","article_publisher":"https:\/\/www.facebook.com\/duplagourmet","article_modified_time":"2018-06-14T17:30:38+00:00","og_image":[{"width":960,"height":960,"url":"https:\/\/i0.wp.com\/duplagourmet.com.br\/wp-content\/uploads\/2015\/04\/11426688_10200584306446087_330859892_n.jpg?fit=960%2C960","type":"image\/jpeg"}],"twitter_card":"summary_large_image","twitter_site":"@DuplaGourmet","schema":{"@context":"https:\/\/schema.org","@graph":[{"@type":"WebPage","@id":"http:\/\/duplagourmet.com.br\/index.php\/anuncie\/","url":"http:\/\/duplagourmet.com.br\/index.php\/anuncie\/","name":"Anuncie DuplaGourmet","isPartOf":{"@id":"https:\/\/duplagourmet.com.br\/#website"},"datePublished":"2015-06-23T00:12:38+00:00","dateModified":"2018-06-14T17:30:38+00:00","description":"Blog de gastronomia, receitas e viagens. Entre em contato conosco e conhe\u00e7a os benef\u00edcios que sua empresa pode ter! Contato: gourmet@duplagourmet.com.b","breadcrumb":{"@id":"http:\/\/duplagourmet.com.br\/index.php\/anuncie\/#breadcrumb"},"inLanguage":"pt-BR","potentialAction":[{"@type":"ReadAction","target":["http:\/\/duplagourmet.com.br\/index.php\/anuncie\/"]}]},{"@type":"BreadcrumbList","@id":"http:\/\/duplagourmet.com.br\/index.php\/anuncie\/#breadcrumb","itemListElement":[{"@type":"ListItem","position":1,"name":"In\u00edcio","item":"https:\/\/duplagourmet.com.br\/"},{"@type":"ListItem","position":2,"name":"Anuncie"}]},{"@type":"WebSite","@id":"https:\/\/duplagourmet.com.br\/#website","url":"https:\/\/duplagourmet.com.br\/","name":"","description":"Site de Gastronomia e Viagens","publisher":{"@id":"https:\/\/duplagourmet.com.br\/#organization"},"potentialAction":[{"@type":"SearchAction","target":{"@type":"EntryPoint","urlTemplate":"https:\/\/duplagourmet.com.br\/?s={search_term_string}"},"query-input":"required name=search_term_string"}],"inLanguage":"pt-BR"},{"@type":"Organization","@id":"https:\/\/duplagourmet.com.br\/#organization","name":"Dupla Gourmet","url":"https:\/\/duplagourmet.com.br\/","logo":{"@type":"ImageObject","inLanguage":"pt-BR","@id":"https:\/\/duplagourmet.com.br\/#\/schema\/logo\/image\/","url":"https:\/\/i0.wp.com\/duplagourmet.com.br\/wp-content\/uploads\/2015\/07\/LOGO.jpg?fit=2120%2C1193&ssl=1","contentUrl":"https:\/\/i0.wp.com\/duplagourmet.com.br\/wp-content\/uploads\/2015\/07\/LOGO.jpg?fit=2120%2C1193&ssl=1","width":2120,"height":1193,"caption":"Dupla Gourmet"},"image":{"@id":"https:\/\/duplagourmet.com.br\/#\/schema\/logo\/image\/"},"sameAs":["https:\/\/www.facebook.com\/duplagourmet","https:\/\/twitter.com\/DuplaGourmet","https:\/\/instagram.com\/duplagourmet\/"]}]}},"jetpack_sharing_enabled":true,"jetpack_shortlink":"https:\/\/wp.me\/P67KK6-8h","_links":{"self":[{"href":"http:\/\/duplagourmet.com.br\/index.php\/wp-json\/wp\/v2\/pages\/513"}],"collection":[{"href":"http:\/\/duplagourmet.com.br\/index.php\/wp-json\/wp\/v2\/pages"}],"about":[{"href":"http:\/\/duplagourmet.com.br\/index.php\/wp-json\/wp\/v2\/types\/page"}],"author":[{"embeddable":true,"href":"http:\/\/duplagourmet.com.br\/index.php\/wp-json\/wp\/v2\/users\/1"}],"replies":[{"embeddable":true,"href":"http:\/\/duplagourmet.com.br\/index.php\/wp-json\/wp\/v2\/comments?post=513"}],"version-history":[{"count":3,"href":"http:\/\/duplagourmet.com.br\/index.php\/wp-json\/wp\/v2\/pages\/513\/revisions"}],"predecessor-version":[{"id":10331,"href":"http:\/\/duplagourmet.com.br\/index.php\/wp-json\/wp\/v2\/pages\/513\/revisions\/10331"}],"wp:attachment":[{"href":"http:\/\/duplagourmet.com.br\/index.php\/wp-json\/wp\/v2\/media?parent=513"}],"curies":[{"name":"wp","href":"https:\/\/api.w.org\/{rel}","templated":true}]}}